{"id":255,"date":"2015-04-12T18:05:54","date_gmt":"2015-04-12T18:05:54","guid":{"rendered":"http:\/\/192.168.1.7\/balcon\/?page_id=255"},"modified":"2026-03-10T13:34:47","modified_gmt":"2026-03-10T13:34:47","slug":"artists-index","status":"publish","type":"page","link":"https:\/\/balcondart.com\/en\/artists\/artists-index\/","title":{"rendered":"Artists Index"},"content":{"rendered":"<p><a href=\"https:\/\/balcondart.com\/wp-content\/uploads\/2026\/03\/noframes00.jpg\"><img loading=\"lazy\" decoding=\"async\" class=\"alignnone size-full wp-image-45304\" src=\"https:\/\/balcondart.com\/wp-content\/uploads\/2026\/03\/noframes00.jpg\" alt=\"\" width=\"674\" height=\"104\" srcset=\"https:\/\/balcondart.com\/wp-content\/uploads\/2026\/03\/noframes00.jpg 674w, https:\/\/balcondart.com\/wp-content\/uploads\/2026\/03\/noframes00-300x46.jpg 300w, https:\/\/balcondart.com\/wp-content\/uploads\/2026\/03\/noframes00-640x99.jpg 640w\" sizes=\"auto, (max-width: 674px) 100vw, 674px\" \/><\/a><\/p>\n<!-- index generated by post-index: http:\/\/www.wordpress.org\/plugins\/post-index --> \n<p><p>Jump to <a href=\"#letter_69eec9cc769ae_0\">0<\/a>, <a href=\"#letter_69eec9cc769ae_A\">A<\/a>, <a href=\"#letter_69eec9cc769ae_B\">B<\/a>, <a href=\"#letter_69eec9cc769ae_C\">C<\/a>, <a href=\"#letter_69eec9cc769ae_D\">D<\/a>, <a href=\"#letter_69eec9cc769ae_F\">F<\/a>, <a href=\"#letter_69eec9cc769ae_G\">G<\/a>, <a href=\"#letter_69eec9cc769ae_H\">H<\/a>, <a href=\"#letter_69eec9cc769ae_I\">I<\/a>, <a href=\"#letter_69eec9cc769ae_J\">J<\/a>, <a href=\"#letter_69eec9cc769ae_K\">K<\/a>, <a href=\"#letter_69eec9cc769ae_L\">L<\/a>, <a href=\"#letter_69eec9cc769ae_M\">M<\/a>, <a href=\"#letter_69eec9cc769ae_N\">N<\/a>, <a href=\"#letter_69eec9cc769ae_P\">P<\/a>, <a href=\"#letter_69eec9cc769ae_R\">R<\/a>, <a href=\"#letter_69eec9cc769ae_S\">S<\/a>, <a href=\"#letter_69eec9cc769ae_T\">T<\/a>, <a href=\"#letter_69eec9cc769ae_V\">V<\/a>, <a href=\"#letter_69eec9cc769ae_W\">W<\/a>, <a href=\"#letter_69eec9cc769ae_Z\">Z<\/a> <\/p>\n<div style=\"float: left; width: 31.333333333333%; border-right: 1px solid lightgray;padding: 5px;\"><a name=\"letter_69eec9cc769ae_0\"><\/a><h2>0<\/h2>\n<ul>\n<li><strong><a href=\"https:\/\/balcondart.com\/en\/0-expo-tony-langelier-artiste-demotions\/\">0-EXPO TONY LANGELIER, ARTISTE D&#8217;\u00c9MOTIONS<\/a><\/strong><\/li>\n<li><strong><a href=\"https:\/\/balcondart.com\/en\/0-gift-certificates\/\">0-GIFT CERTIFICATES<\/a><\/strong><\/li>\n<li><strong><a href=\"https:\/\/balcondart.com\/en\/00-art-books\/\">00- BOOKS ABOUT ART &#038; ARTISTS<\/a><\/strong><\/li>\n<li><strong><a href=\"https:\/\/balcondart.com\/en\/00-gifts-under-500-00\/\">00- WORKS UNDER $500.00<\/a><\/strong><\/li>\n<li><strong><a href=\"https:\/\/balcondart.com\/en\/000-drawing-collection-misc-artists\/\">000-DRAWING COLLECTION (MISC.ARTISTS)<\/a><\/strong><\/li>\n<li><strong><a href=\"https:\/\/balcondart.com\/en\/other-collections\/\">0000 &#8211; OTHER COLLECTIONS (MISC.ARTISTS)<\/a><\/strong><\/li>\n<li><strong><a href=\"https:\/\/balcondart.com\/en\/z-sculptures\/\">00000 &#8211; SCULPTURES<\/a><\/strong><\/li>\n<\/ul><a name=\"letter_69eec9cc769ae_A\"><\/a><h2>A<\/h2>\n<ul>\n<li><strong><a href=\"https:\/\/balcondart.com\/en\/allard-mike\/\">ALLARD, Mike<\/a><\/strong><\/li>\n<li><strong><a href=\"https:\/\/balcondart.com\/en\/artnwordz\/\">ARTNWORDZ<\/a><\/strong><\/li>\n<li><strong><a href=\"https:\/\/balcondart.com\/en\/ayotte-leo\/\">AYOTTE, L\u00e9o<\/a><\/strong><\/li>\n<\/ul><a name=\"letter_69eec9cc769ae_B\"><\/a><h2>B<\/h2>\n<ul>\n<li><strong><a href=\"https:\/\/balcondart.com\/en\/bedard-gilles\/\">B\u00c9DARD, Gilles<\/a><\/strong><\/li>\n<li><strong><a href=\"https:\/\/balcondart.com\/en\/bertounesque-andre-2\/\">BERTOUNESQUE, Andr\u00e9<\/a><\/strong><\/li>\n<li><strong><a href=\"https:\/\/balcondart.com\/en\/blanchette-martin\/\">BLANCHET, Martin<\/a><\/strong><\/li>\n<li><strong><a href=\"https:\/\/balcondart.com\/en\/bonmati-gabriel\/\">BONMATI, Gabriel<\/a><\/strong><\/li>\n<li><strong><a href=\"https:\/\/balcondart.com\/en\/boudro\/\">BOUDRO<\/a><\/strong><\/li>\n<li><strong><a href=\"https:\/\/balcondart.com\/en\/boyle-peter\/\">BOYLE, Peter<\/a><\/strong><\/li>\n<li><strong><a href=\"https:\/\/balcondart.com\/en\/brunet-diane\/\">BRUNET, Diane<\/a><\/strong><\/li>\n<li><strong><a href=\"https:\/\/balcondart.com\/en\/brunoni-serge\/\">BRUNONI, Serge<\/a><\/strong><\/li>\n<\/ul><a name=\"letter_69eec9cc769ae_C\"><\/a><h2>C<\/h2>\n<ul>\n<li><strong><a href=\"https:\/\/balcondart.com\/en\/cardin-anne\/\">CARDIN, Anne<\/a><\/strong><\/li>\n<li><strong><a href=\"https:\/\/balcondart.com\/en\/ccana-fidel-ponce\/\">CCANA, Fidel Ponce<\/a><\/strong><\/li>\n<li><strong><a href=\"https:\/\/balcondart.com\/en\/charest-gilles\/\">CHAREST, Gilles<\/a><\/strong><\/li>\n<li><strong><a href=\"https:\/\/balcondart.com\/en\/chatelle-marc\/\">CHATELLE, Marc<\/a><\/strong><\/li>\n<li><strong><a href=\"https:\/\/balcondart.com\/en\/chiasson-nathalie\/\">CHIASSON, Nathalie<\/a><\/strong><\/li>\n<li><strong><a href=\"https:\/\/balcondart.com\/en\/cloutier-sylvie\/\">CLOUTIER, Sylvie<\/a><\/strong><\/li>\n<li><strong><a href=\"https:\/\/balcondart.com\/en\/cote-bruno-2\/\">COTE, Bruno<\/a><\/strong><\/li>\n<li><strong><a href=\"https:\/\/balcondart.com\/en\/courteau-jean-louis\/\">COURTEAU, Jean- Louis<\/a><\/strong><\/li>\n<li><strong><a href=\"https:\/\/balcondart.com\/en\/courteau-marie-claude\/\">COURTEAU, Marie-Claude<\/a><\/strong><\/li>\n<\/ul><a name=\"letter_69eec9cc769ae_D\"><\/a><h2>D<\/h2>\n<ul>\n<li><strong><a href=\"https:\/\/balcondart.com\/en\/44013\/\">DANSEREAU, G\u00e9rard<\/a><\/strong><\/li>\n<li><strong><a href=\"https:\/\/balcondart.com\/en\/de-palo-stefano\/\">DE PALO, Stefano<\/a><\/strong><\/li>\n<li><strong><a href=\"https:\/\/balcondart.com\/en\/degagne-renee\/\">DEGAGN\u00c9, Ren\u00e9e<\/a><\/strong><\/li>\n<li><strong><a href=\"https:\/\/balcondart.com\/en\/degrace-neree-2\/\">DEGR\u00c2CE, N\u00e9r\u00e9e<\/a><\/strong><\/li>\n<li><strong><a href=\"https:\/\/balcondart.com\/en\/delsignore-littorio\/\">DELSIGNORE, Littorio<\/a><\/strong><\/li>\n<li><strong><a href=\"https:\/\/balcondart.com\/en\/der-john\/\">DER, JOHN<\/a><\/strong><\/li>\n<li><strong><a href=\"https:\/\/balcondart.com\/en\/deslandes-pierre\/\">DESLANDES, Pierre<\/a><\/strong><\/li>\n<li><strong><a href=\"https:\/\/balcondart.com\/en\/chiasson-desson-denis\/\">DESSON (Chiasson, Denis)<\/a><\/strong><\/li>\n<li><strong><a href=\"https:\/\/balcondart.com\/en\/dussault-louise-2\/\">DUSSAULT, Louise<\/a><\/strong><\/li>\n<\/ul><\/div><div style=\"float: left; width: 31.333333333333%; border-right: 1px solid lightgray;padding: 5px;\"><a name=\"letter_69eec9cc769ae_F\"><\/a><h2>F<\/h2>\n<ul>\n<li><strong><a href=\"https:\/\/balcondart.com\/en\/fecteau-sarah\/\">FECTEAU, Sarah<\/a><\/strong><\/li>\n<li><strong><a href=\"https:\/\/balcondart.com\/en\/fortin-marc-aurele\/\">FORTIN, Marc-Aur\u00e8le<\/a><\/strong><\/li>\n<\/ul><a name=\"letter_69eec9cc769ae_G\"><\/a><h2>G<\/h2>\n<ul>\n<li><strong><a href=\"https:\/\/balcondart.com\/en\/galipeau-marc\/\">GALIPEAU, Marc<\/a><\/strong><\/li>\n<li><strong><a href=\"https:\/\/balcondart.com\/en\/jay-geeker-studio\/\">GeeKer STUDIO<\/a><\/strong><\/li>\n<li><strong><a href=\"https:\/\/balcondart.com\/en\/gibeault-ginette\/\">GIBEAULT, Ginette<\/a><\/strong><\/li>\n<li><strong><a href=\"https:\/\/balcondart.com\/en\/goulet-anouck-2\/\">GOULET, Anouck<\/a><\/strong><\/li>\n<li><strong><a href=\"https:\/\/balcondart.com\/en\/grise-nicole-r\/\">GRIS\u00c9, Nicole R.<\/a><\/strong><\/li>\n<\/ul><a name=\"letter_69eec9cc769ae_H\"><\/a><h2>H<\/h2>\n<ul>\n<li><strong><a href=\"https:\/\/balcondart.com\/en\/hammond-john\/\">HAMMOND, John<\/a><\/strong><\/li>\n<li><strong><a href=\"https:\/\/balcondart.com\/en\/horik-vladimir\/\">HORIK, Vladimir<\/a><\/strong><\/li>\n<li><strong><a href=\"https:\/\/balcondart.com\/en\/hudon-normand\/\">HUDON, Normand<\/a><\/strong><\/li>\n<\/ul><a name=\"letter_69eec9cc769ae_I\"><\/a><h2>I<\/h2>\n<ul>\n<li><strong><a href=\"https:\/\/balcondart.com\/en\/iacurto-francesco\/\">IACURTO, Francesco<\/a><\/strong><\/li>\n<\/ul><a name=\"letter_69eec9cc769ae_J\"><\/a><h2>J<\/h2>\n<ul>\n<li><strong><a href=\"https:\/\/balcondart.com\/en\/jozza-pop-art\/\">JOZZA POP ART<\/a><\/strong><\/li>\n<li><strong><a href=\"https:\/\/balcondart.com\/en\/jules-leonel\/\">JULES, L\u00e9onel<\/a><\/strong><\/li>\n<\/ul><a name=\"letter_69eec9cc769ae_K\"><\/a><h2>K<\/h2>\n<ul>\n<li><strong><a href=\"https:\/\/balcondart.com\/en\/kirouac-louise\/\">KIROUAC, Louise (Lecor)<\/a><\/strong><\/li>\n<li><strong><a href=\"https:\/\/balcondart.com\/en\/kiss-andrew\/\">KISS, Andrew<\/a><\/strong><\/li>\n<\/ul><a name=\"letter_69eec9cc769ae_L\"><\/a><h2>L<\/h2>\n<ul>\n<li><strong><a href=\"https:\/\/balcondart.com\/en\/labbe-lise\/\">LABB\u00c9, Lise<\/a><\/strong><\/li>\n<li><strong><a href=\"https:\/\/balcondart.com\/en\/labranche-gilles\/\">LABRANCHE, Gilles<\/a><\/strong><\/li>\n<li><strong><a href=\"https:\/\/balcondart.com\/en\/lacaille-lise\/\">LACAILLE, Lise<\/a><\/strong><\/li>\n<li><strong><a href=\"https:\/\/balcondart.com\/en\/lamb-steven\/\">LAMB, Steven<\/a><\/strong><\/li>\n<li><strong><a href=\"https:\/\/balcondart.com\/en\/langevin-claude\/\">LANGEVIN, Claude<\/a><\/strong><\/li>\n<li><strong><a href=\"https:\/\/balcondart.com\/en\/lapointe-jocelyne\/\">LAPOINTE, Jocelyne<\/a><\/strong><\/li>\n<li><strong><a href=\"https:\/\/balcondart.com\/en\/laporte-nicole\/\">LAPORTE, Nicole<\/a><\/strong><\/li>\n<li><strong><a href=\"https:\/\/balcondart.com\/en\/lauzon-louise\/\">LAUZON, Louise<\/a><\/strong><\/li>\n<li><strong><a href=\"https:\/\/balcondart.com\/en\/leblond-marie-andree\/\">LEBLOND, Marie-Andr\u00e9e<\/a><\/strong><\/li>\n<li><strong><a href=\"https:\/\/balcondart.com\/en\/lecor-paul-tex\/\">LECOR, Paul &#8220;Tex&#8221;<\/a><\/strong><\/li>\n<li><strong><a href=\"https:\/\/balcondart.com\/en\/lemieux-yvon\/\">LEMIEUX, Yvon<\/a><\/strong><\/li>\n<li><strong><a href=\"https:\/\/balcondart.com\/en\/little-john\/\">LITTLE, John<\/a><\/strong><\/li>\n<li><strong><a href=\"https:\/\/balcondart.com\/en\/lord-josee\/\">LORD, Jos\u00e9e<\/a><\/strong><\/li>\n<\/ul><a name=\"letter_69eec9cc769ae_M\"><\/a><h2>M<\/h2>\n<ul>\n<li><strong><a href=\"https:\/\/balcondart.com\/en\/mark-sharon\/\">MARK, Sharon<\/a><\/strong><\/li>\n<li><strong><a href=\"https:\/\/balcondart.com\/en\/marshall\/\">MARSHAL<\/a><\/strong><\/li>\n<li><strong><a href=\"https:\/\/balcondart.com\/en\/mercier-elaine\/\">MERCIER, \u00c9laine<\/a><\/strong><\/li>\n<\/ul><\/div><div style=\"float: left; width: 31.333333333333%; padding: 5px;\"><a name=\"letter_69eec9cc769ae_N\"><\/a><h2>N<\/h2>\n<ul>\n<li><strong><a href=\"https:\/\/balcondart.com\/en\/nadeau-marlene\/\">NADEAU, Marl\u00e8ne<\/a><\/strong><\/li>\n<\/ul><a name=\"letter_69eec9cc769ae_P\"><\/a><h2>P<\/h2>\n<ul>\n<li><strong><a href=\"https:\/\/balcondart.com\/en\/palmaerts-roland\/\">PALMAERTS, Roland<\/a><\/strong><\/li>\n<li><strong><a href=\"https:\/\/balcondart.com\/en\/paquin-pauline\/\">PAQUIN, Pauline T.<\/a><\/strong><\/li>\n<li><strong><a href=\"https:\/\/balcondart.com\/en\/patru-anca\/\">PATRU, Anca<\/a><\/strong><\/li>\n<li><strong><a href=\"https:\/\/balcondart.com\/en\/plante-daniel\/\">PLANTE, Daniel<\/a><\/strong><\/li>\n<li><strong><a href=\"https:\/\/balcondart.com\/en\/podolsky-dina\/\">PODOLSKY, Dina<\/a><\/strong><\/li>\n<li><strong><a href=\"https:\/\/balcondart.com\/en\/poirier-jacques\/\">POIRIER, Jacques<\/a><\/strong><\/li>\n<li><strong><a href=\"https:\/\/balcondart.com\/en\/poirier-narcisse\/\">POIRIER, Narcisse<\/a><\/strong><\/li>\n<li><strong><a href=\"https:\/\/balcondart.com\/en\/poissant-marc\/\">Poissant, Marc<\/a><\/strong><\/li>\n<\/ul><a name=\"letter_69eec9cc769ae_R\"><\/a><h2>R<\/h2>\n<ul>\n<li><strong><a href=\"https:\/\/balcondart.com\/en\/rebry-gaston\/\">REBRY, Gaston<\/a><\/strong><\/li>\n<li><strong><a href=\"https:\/\/balcondart.com\/en\/reproductions-lithos\/\">REPRODUCTIONS &#038; LITHOS<\/a><\/strong><\/li>\n<li><strong><a href=\"https:\/\/balcondart.com\/en\/richard-rene\/\">RICHARD, Ren\u00e9<\/a><\/strong><\/li>\n<li><strong><a href=\"https:\/\/balcondart.com\/en\/riopelle-jean-paul\/\">RIOPELLE, Jean-Paul<\/a><\/strong><\/li>\n<li><strong><a href=\"https:\/\/balcondart.com\/en\/rousseau-albert\/\">ROUSSEAU, Albert<\/a><\/strong><\/li>\n<\/ul><a name=\"letter_69eec9cc769ae_S\"><\/a><h2>S<\/h2>\n<ul>\n<li><strong><a href=\"https:\/\/balcondart.com\/en\/sammoun-samir\/\">SAMMOUN, Samir<\/a><\/strong><\/li>\n<li><strong><a href=\"https:\/\/balcondart.com\/en\/savoie-richard\/\">SAVOIE, Richard<\/a><\/strong><\/li>\n<li><strong><a href=\"https:\/\/balcondart.com\/en\/granatstein-linda-schneider\/\">SCHNEIDER GRANATSTEIN, Lynda<\/a><\/strong><\/li>\n<li><strong><a href=\"https:\/\/balcondart.com\/en\/suzor-cote-marc-aurele-de-foyt\/\">SUZOR-C\u00d4T\u00c9, Marc-Aur\u00e8le de Foy<\/a><\/strong><\/li>\n<\/ul><a name=\"letter_69eec9cc769ae_T\"><\/a><h2>T<\/h2>\n<ul>\n<li><strong><a href=\"https:\/\/balcondart.com\/en\/tapin-maude\/\">TAPIN, Maude<\/a><\/strong><\/li>\n<li><strong><a href=\"https:\/\/balcondart.com\/en\/tellier-josee-2\/\">TELLIER, Jos\u00e9e, 3D Artist<\/a><\/strong><\/li>\n<li><strong><a href=\"https:\/\/balcondart.com\/en\/tiengo-luigi\/\">TIENGO, Luigi<\/a><\/strong><\/li>\n<li><strong><a href=\"https:\/\/balcondart.com\/en\/tremblay-claude\/\">TREMBLAY, Claude<\/a><\/strong><\/li>\n<li><strong><a href=\"https:\/\/balcondart.com\/en\/tremblay-louis\/\">TREMBLAY, Louis<\/a><\/strong><\/li>\n<\/ul><a name=\"letter_69eec9cc769ae_V\"><\/a><h2>V<\/h2>\n<ul>\n<li><strong><a href=\"https:\/\/balcondart.com\/en\/veilleux-alain\/\">VEILLEUX, Alain<\/a><\/strong><\/li>\n<\/ul><a name=\"letter_69eec9cc769ae_W\"><\/a><h2>W<\/h2>\n<ul>\n<li><strong><a href=\"https:\/\/balcondart.com\/en\/wang-chui\/\">WANG, Chui<\/a><\/strong><\/li>\n<\/ul><a name=\"letter_69eec9cc769ae_Z\"><\/a><h2>Z<\/h2>\n<ul>\n<li><strong><a href=\"https:\/\/balcondart.com\/en\/zen-tommy\/\">ZEN, Tommy<\/a><\/strong><\/li>\n<li><strong><a href=\"https:\/\/balcondart.com\/en\/zz-consignment-sales\/\">ZZ -CONSIGNMENT SALES<\/a><\/strong><\/li>\n<\/ul><\/div><div style=\"clear: both;\"><\/div><\/p>\n<!-- end of post-index content. --> \n\n","protected":false},"excerpt":{"rendered":"","protected":false},"author":1,"featured_media":0,"parent":6,"menu_order":0,"comment_status":"closed","ping_status":"closed","template":"","meta":{"footnotes":""},"class_list":["post-255","page","type-page","status-publish","hentry"],"_links":{"self":[{"href":"https:\/\/balcondart.com\/en\/wp-json\/wp\/v2\/pages\/255","targetHints":{"allow":["GET"]}}],"collection":[{"href":"https:\/\/balcondart.com\/en\/wp-json\/wp\/v2\/pages"}],"about":[{"href":"https:\/\/balcondart.com\/en\/wp-json\/wp\/v2\/types\/page"}],"author":[{"embeddable":true,"href":"https:\/\/balcondart.com\/en\/wp-json\/wp\/v2\/users\/1"}],"replies":[{"embeddable":true,"href":"https:\/\/balcondart.com\/en\/wp-json\/wp\/v2\/comments?post=255"}],"version-history":[{"count":20,"href":"https:\/\/balcondart.com\/en\/wp-json\/wp\/v2\/pages\/255\/revisions"}],"predecessor-version":[{"id":45308,"href":"https:\/\/balcondart.com\/en\/wp-json\/wp\/v2\/pages\/255\/revisions\/45308"}],"up":[{"embeddable":true,"href":"https:\/\/balcondart.com\/en\/wp-json\/wp\/v2\/pages\/6"}],"wp:attachment":[{"href":"https:\/\/balcondart.com\/en\/wp-json\/wp\/v2\/media?parent=255"}],"curies":[{"name":"wp","href":"https:\/\/api.w.org\/{rel}","templated":true}]}}