{"id":22,"date":"2015-04-11T12:59:32","date_gmt":"2015-04-11T12:59:32","guid":{"rendered":"http:\/\/localhost\/balcon\/?page_id=22"},"modified":"2015-04-12T21:23:52","modified_gmt":"2015-04-12T21:23:52","slug":"news-events","status":"publish","type":"page","link":"https:\/\/balcondart.com\/en\/news-events\/","title":{"rendered":"News &#038; Events"},"content":{"rendered":"<div class=\"pt-cv-wrapper\"><div class=\"pt-cv-view pt-cv-grid pt-cv-colsys\" id=\"pt-cv-view-86b07a9551\"><div data-id=\"pt-cv-page-1\" class=\"pt-cv-page\" data-cvc=\"1\"><div class=\"col-md-12 col-sm-6 col-xs-12 pt-cv-content-item pt-cv-2-col\" ><div class='pt-cv-ifield'><a href=\"https:\/\/balcondart.com\/en\/new-acquisitions-2026-03-13\/\" class=\"_self pt-cv-href-thumbnail pt-cv-thumb-left\" target=\"_self\" ><img loading=\"lazy\" decoding=\"async\" width=\"150\" height=\"150\" src=\"https:\/\/balcondart.com\/wp-content\/uploads\/2024\/06\/ledoigt-150x150.jpg\" class=\"pt-cv-thumbnail pull-left\" alt=\"\" srcset=\"https:\/\/balcondart.com\/wp-content\/uploads\/2024\/06\/ledoigt-150x150.jpg 150w, https:\/\/balcondart.com\/wp-content\/uploads\/2024\/06\/ledoigt-42x42.jpg 42w, https:\/\/balcondart.com\/wp-content\/uploads\/2024\/06\/ledoigt-45x45.jpg 45w, https:\/\/balcondart.com\/wp-content\/uploads\/2024\/06\/ledoigt.jpg 200w\" sizes=\"auto, (max-width: 150px) 100vw, 150px\" \/><\/a>\n<h4 class=\"pt-cv-title\"><a href=\"https:\/\/balcondart.com\/en\/new-acquisitions-2026-03-13\/\" class=\"_self\" target=\"_self\" >NEW ACQUISITIONS (2026-03-13)<\/a><\/h4>\n<div class=\"pt-cv-content\"> ...<br \/><div class=\"pt-cv-rmwrap\"><a href=\"https:\/\/balcondart.com\/en\/new-acquisitions-2026-03-13\/\" class=\"_self pt-cv-readmore btn btn-success\" target=\"_self\">Lire La Suite<\/a><\/div><\/div>\n<div class=\"pt-cv-meta-fields\"><span class=\"entry-date\"> <time datetime=\"2026-03-13T19:05:26+00:00\">March 13, 2026<\/time><\/span><\/div><\/div><\/div>\n<div class=\"col-md-12 col-sm-6 col-xs-12 pt-cv-content-item pt-cv-2-col\" ><div class='pt-cv-ifield'><a href=\"https:\/\/balcondart.com\/en\/tony-langelier-artiste-demotions\/\" class=\"_self pt-cv-href-thumbnail pt-cv-thumb-left\" target=\"_self\" ><img loading=\"lazy\" decoding=\"async\" width=\"150\" height=\"150\" src=\"https:\/\/balcondart.com\/wp-content\/uploads\/2024\/10\/DWA-150x150.jpg\" class=\"pt-cv-thumbnail pull-left\" alt=\"\" srcset=\"https:\/\/balcondart.com\/wp-content\/uploads\/2024\/10\/DWA-150x150.jpg 150w, https:\/\/balcondart.com\/wp-content\/uploads\/2024\/10\/DWA-300x300.jpg 300w, https:\/\/balcondart.com\/wp-content\/uploads\/2024\/10\/DWA-42x42.jpg 42w, https:\/\/balcondart.com\/wp-content\/uploads\/2024\/10\/DWA-45x45.jpg 45w, https:\/\/balcondart.com\/wp-content\/uploads\/2024\/10\/DWA.jpg 500w\" sizes=\"auto, (max-width: 150px) 100vw, 150px\" \/><\/a>\n<h4 class=\"pt-cv-title\"><a href=\"https:\/\/balcondart.com\/en\/tony-langelier-artiste-demotions\/\" class=\"_self\" target=\"_self\" >TONY LANGELIER : ARTISTE D&#8217;\u00c9MOTIONS<\/a><\/h4>\n<div class=\"pt-cv-content\"> ...<br \/><div class=\"pt-cv-rmwrap\"><a href=\"https:\/\/balcondart.com\/en\/tony-langelier-artiste-demotions\/\" class=\"_self pt-cv-readmore btn btn-success\" target=\"_self\">Lire La Suite<\/a><\/div><\/div>\n<div class=\"pt-cv-meta-fields\"><span class=\"entry-date\"> <time datetime=\"2026-03-11T14:07:13+00:00\">March 11, 2026<\/time><\/span><\/div><\/div><\/div>\n<div class=\"col-md-12 col-sm-6 col-xs-12 pt-cv-content-item pt-cv-2-col\" ><div class='pt-cv-ifield'><a href=\"https:\/\/balcondart.com\/en\/new-artist-dina-podolsky\/\" class=\"_self pt-cv-href-thumbnail pt-cv-thumb-left\" target=\"_self\" ><img loading=\"lazy\" decoding=\"async\" width=\"150\" height=\"150\" src=\"https:\/\/balcondart.com\/wp-content\/uploads\/2024\/10\/DWA-150x150.jpg\" class=\"pt-cv-thumbnail pull-left\" alt=\"\" srcset=\"https:\/\/balcondart.com\/wp-content\/uploads\/2024\/10\/DWA-150x150.jpg 150w, https:\/\/balcondart.com\/wp-content\/uploads\/2024\/10\/DWA-300x300.jpg 300w, https:\/\/balcondart.com\/wp-content\/uploads\/2024\/10\/DWA-42x42.jpg 42w, https:\/\/balcondart.com\/wp-content\/uploads\/2024\/10\/DWA-45x45.jpg 45w, https:\/\/balcondart.com\/wp-content\/uploads\/2024\/10\/DWA.jpg 500w\" sizes=\"auto, (max-width: 150px) 100vw, 150px\" \/><\/a>\n<h4 class=\"pt-cv-title\"><a href=\"https:\/\/balcondart.com\/en\/new-artist-dina-podolsky\/\" class=\"_self\" target=\"_self\" >NEW ARTIST : DINA PODOLSKY<\/a><\/h4>\n<div class=\"pt-cv-content\">Le Balcon d'art is proud to welcome a new member of our artistic family! Visit the artist's page Dina Podolsky ...<br \/><div class=\"pt-cv-rmwrap\"><a href=\"https:\/\/balcondart.com\/en\/new-artist-dina-podolsky\/\" class=\"_self pt-cv-readmore btn btn-success\" target=\"_self\">Lire La Suite<\/a><\/div><\/div>\n<div class=\"pt-cv-meta-fields\"><span class=\"entry-date\"> <time datetime=\"2026-02-05T21:26:51+00:00\">February 5, 2026<\/time><\/span><\/div><\/div><\/div>\n<div class=\"col-md-12 col-sm-6 col-xs-12 pt-cv-content-item pt-cv-2-col\" ><div class='pt-cv-ifield'><a href=\"https:\/\/balcondart.com\/en\/we-are-back\/\" class=\"_self pt-cv-href-thumbnail pt-cv-thumb-left\" target=\"_self\" ><img loading=\"lazy\" decoding=\"async\" width=\"150\" height=\"150\" src=\"https:\/\/balcondart.com\/wp-content\/uploads\/2024\/10\/DWA-150x150.jpg\" class=\"pt-cv-thumbnail pull-left\" alt=\"\" srcset=\"https:\/\/balcondart.com\/wp-content\/uploads\/2024\/10\/DWA-150x150.jpg 150w, https:\/\/balcondart.com\/wp-content\/uploads\/2024\/10\/DWA-300x300.jpg 300w, https:\/\/balcondart.com\/wp-content\/uploads\/2024\/10\/DWA-42x42.jpg 42w, https:\/\/balcondart.com\/wp-content\/uploads\/2024\/10\/DWA-45x45.jpg 45w, https:\/\/balcondart.com\/wp-content\/uploads\/2024\/10\/DWA.jpg 500w\" sizes=\"auto, (max-width: 150px) 100vw, 150px\" \/><\/a>\n<h4 class=\"pt-cv-title\"><a href=\"https:\/\/balcondart.com\/en\/we-are-back\/\" class=\"_self\" target=\"_self\" >WE ARE BACK!<\/a><\/h4>\n<div class=\"pt-cv-content\"> ...<br \/><div class=\"pt-cv-rmwrap\"><a href=\"https:\/\/balcondart.com\/en\/we-are-back\/\" class=\"_self pt-cv-readmore btn btn-success\" target=\"_self\">Lire La Suite<\/a><\/div><\/div>\n<div class=\"pt-cv-meta-fields\"><span class=\"entry-date\"> <time datetime=\"2026-01-13T09:00:24+00:00\">January 13, 2026<\/time><\/span><\/div><\/div><\/div>\n<div class=\"col-md-12 col-sm-6 col-xs-12 pt-cv-content-item pt-cv-2-col\" ><div class='pt-cv-ifield'><a href=\"https:\/\/balcondart.com\/en\/holiday-message\/\" class=\"_self pt-cv-href-thumbnail pt-cv-thumb-left\" target=\"_self\" ><img loading=\"lazy\" decoding=\"async\" width=\"150\" height=\"150\" src=\"https:\/\/balcondart.com\/wp-content\/uploads\/2024\/12\/179114_elf-on-the-shelf-png-150x150.jpg\" class=\"pt-cv-thumbnail pull-left\" alt=\"\" srcset=\"https:\/\/balcondart.com\/wp-content\/uploads\/2024\/12\/179114_elf-on-the-shelf-png-150x150.jpg 150w, https:\/\/balcondart.com\/wp-content\/uploads\/2024\/12\/179114_elf-on-the-shelf-png-42x42.jpg 42w, https:\/\/balcondart.com\/wp-content\/uploads\/2024\/12\/179114_elf-on-the-shelf-png-45x45.jpg 45w\" sizes=\"auto, (max-width: 150px) 100vw, 150px\" \/><\/a>\n<h4 class=\"pt-cv-title\"><a href=\"https:\/\/balcondart.com\/en\/holiday-message\/\" class=\"_self\" target=\"_self\" >Holiday Message<\/a><\/h4>\n<div class=\"pt-cv-content\"> ...<br \/><div class=\"pt-cv-rmwrap\"><a href=\"https:\/\/balcondart.com\/en\/holiday-message\/\" class=\"_self pt-cv-readmore btn btn-success\" target=\"_self\">Lire La Suite<\/a><\/div><\/div>\n<div class=\"pt-cv-meta-fields\"><span class=\"entry-date\"> <time datetime=\"2025-12-07T15:46:52+00:00\">December 7, 2025<\/time><\/span><\/div><\/div><\/div>\n<div class=\"col-md-12 col-sm-6 col-xs-12 pt-cv-content-item pt-cv-2-col\" ><div class='pt-cv-ifield'><a href=\"https:\/\/balcondart.com\/en\/winners-of-our-great-40th-anniversary-draw\/\" class=\"_self pt-cv-href-thumbnail pt-cv-thumb-left\" target=\"_self\" ><img loading=\"lazy\" decoding=\"async\" width=\"150\" height=\"150\" src=\"https:\/\/balcondart.com\/wp-content\/uploads\/2025\/10\/Gemini_Generated_Image_xyimgpxyimgpxyim-150x150.png\" class=\"pt-cv-thumbnail pull-left\" alt=\"\" srcset=\"https:\/\/balcondart.com\/wp-content\/uploads\/2025\/10\/Gemini_Generated_Image_xyimgpxyimgpxyim-150x150.png 150w, https:\/\/balcondart.com\/wp-content\/uploads\/2025\/10\/Gemini_Generated_Image_xyimgpxyimgpxyim-42x42.png 42w, https:\/\/balcondart.com\/wp-content\/uploads\/2025\/10\/Gemini_Generated_Image_xyimgpxyimgpxyim-45x45.png 45w\" sizes=\"auto, (max-width: 150px) 100vw, 150px\" \/><\/a>\n<h4 class=\"pt-cv-title\"><a href=\"https:\/\/balcondart.com\/en\/winners-of-our-great-40th-anniversary-draw\/\" class=\"_self\" target=\"_self\" >WINNERS OF OUR GREAT 40th ANNIVERSARY DRAW!<\/a><\/h4>\n<div class=\"pt-cv-content\">PRIZE WINNER Casse-t\u00eate - Marc Chatelle Andr\u00e9e Hall Casse-t\u00eate - Ren\u00e9e De Gagn\u00e9 Patrick Cusson Dessin de Jos\u00e9e Tellier Chantal ...<br \/><div class=\"pt-cv-rmwrap\"><a href=\"https:\/\/balcondart.com\/en\/winners-of-our-great-40th-anniversary-draw\/\" class=\"_self pt-cv-readmore btn btn-success\" target=\"_self\">Lire La Suite<\/a><\/div><\/div>\n<div class=\"pt-cv-meta-fields\"><span class=\"entry-date\"> <time datetime=\"2025-10-28T10:15:58+00:00\">October 28, 2025<\/time><\/span><\/div><\/div><\/div>\n<div class=\"col-md-12 col-sm-6 col-xs-12 pt-cv-content-item pt-cv-2-col\" ><div class='pt-cv-ifield'><a href=\"https:\/\/balcondart.com\/en\/couleurs-en-folie-40-years-together\/\" class=\"_self pt-cv-href-thumbnail pt-cv-thumb-left\" target=\"_self\" ><img loading=\"lazy\" decoding=\"async\" width=\"150\" height=\"150\" src=\"https:\/\/balcondart.com\/wp-content\/uploads\/2025\/10\/Gemini_Generated_Image_xyimgpxyimgpxyim-150x150.png\" class=\"pt-cv-thumbnail pull-left\" alt=\"\" srcset=\"https:\/\/balcondart.com\/wp-content\/uploads\/2025\/10\/Gemini_Generated_Image_xyimgpxyimgpxyim-150x150.png 150w, https:\/\/balcondart.com\/wp-content\/uploads\/2025\/10\/Gemini_Generated_Image_xyimgpxyimgpxyim-42x42.png 42w, https:\/\/balcondart.com\/wp-content\/uploads\/2025\/10\/Gemini_Generated_Image_xyimgpxyimgpxyim-45x45.png 45w\" sizes=\"auto, (max-width: 150px) 100vw, 150px\" \/><\/a>\n<h4 class=\"pt-cv-title\"><a href=\"https:\/\/balcondart.com\/en\/couleurs-en-folie-40-years-together\/\" class=\"_self\" target=\"_self\" >COULEURS EN FOLIE + 40 YEARS TOGETHER<\/a><\/h4>\n<div class=\"pt-cv-content\"> ...<br \/><div class=\"pt-cv-rmwrap\"><a href=\"https:\/\/balcondart.com\/en\/couleurs-en-folie-40-years-together\/\" class=\"_self pt-cv-readmore btn btn-success\" target=\"_self\">Lire La Suite<\/a><\/div><\/div>\n<div class=\"pt-cv-meta-fields\"><span class=\"entry-date\"> <time datetime=\"2025-10-20T15:11:38+00:00\">October 20, 2025<\/time><\/span><\/div><\/div><\/div>\n<div class=\"col-md-12 col-sm-6 col-xs-12 pt-cv-content-item pt-cv-2-col\" ><div class='pt-cv-ifield'><a href=\"https:\/\/balcondart.com\/en\/upcoming-events-autumn-2025\/\" class=\"_self pt-cv-href-thumbnail pt-cv-thumb-left\" target=\"_self\" ><img loading=\"lazy\" decoding=\"async\" width=\"150\" height=\"150\" src=\"https:\/\/balcondart.com\/wp-content\/uploads\/2025\/02\/fuc-150x150.png\" class=\"pt-cv-thumbnail pull-left\" alt=\"\" srcset=\"https:\/\/balcondart.com\/wp-content\/uploads\/2025\/02\/fuc-150x150.png 150w, https:\/\/balcondart.com\/wp-content\/uploads\/2025\/02\/fuc-42x42.png 42w, https:\/\/balcondart.com\/wp-content\/uploads\/2025\/02\/fuc-45x45.png 45w, https:\/\/balcondart.com\/wp-content\/uploads\/2025\/02\/fuc.png 250w\" sizes=\"auto, (max-width: 150px) 100vw, 150px\" \/><\/a>\n<h4 class=\"pt-cv-title\"><a href=\"https:\/\/balcondart.com\/en\/upcoming-events-autumn-2025\/\" class=\"_self\" target=\"_self\" >UPCOMING EVENTS AUTUMN 2025<\/a><\/h4>\n<div class=\"pt-cv-content\"> ...<br \/><div class=\"pt-cv-rmwrap\"><a href=\"https:\/\/balcondart.com\/en\/upcoming-events-autumn-2025\/\" class=\"_self pt-cv-readmore btn btn-success\" target=\"_self\">Lire La Suite<\/a><\/div><\/div>\n<div class=\"pt-cv-meta-fields\"><span class=\"entry-date\"> <time datetime=\"2025-09-15T14:22:30+00:00\">September 15, 2025<\/time><\/span><\/div><\/div><\/div>\n<div class=\"col-md-12 col-sm-6 col-xs-12 pt-cv-content-item pt-cv-2-col\" ><div class='pt-cv-ifield'><a href=\"https:\/\/balcondart.com\/en\/new-desson-booklet\/\" class=\"_self pt-cv-href-thumbnail pt-cv-thumb-left\" target=\"_self\" ><img loading=\"lazy\" decoding=\"async\" width=\"150\" height=\"150\" src=\"https:\/\/balcondart.com\/wp-content\/uploads\/2024\/10\/DWA-150x150.jpg\" class=\"pt-cv-thumbnail pull-left\" alt=\"\" srcset=\"https:\/\/balcondart.com\/wp-content\/uploads\/2024\/10\/DWA-150x150.jpg 150w, https:\/\/balcondart.com\/wp-content\/uploads\/2024\/10\/DWA-300x300.jpg 300w, https:\/\/balcondart.com\/wp-content\/uploads\/2024\/10\/DWA-42x42.jpg 42w, https:\/\/balcondart.com\/wp-content\/uploads\/2024\/10\/DWA-45x45.jpg 45w, https:\/\/balcondart.com\/wp-content\/uploads\/2024\/10\/DWA.jpg 500w\" sizes=\"auto, (max-width: 150px) 100vw, 150px\" \/><\/a>\n<h4 class=\"pt-cv-title\"><a href=\"https:\/\/balcondart.com\/en\/new-desson-booklet\/\" class=\"_self\" target=\"_self\" >NEW DESSON BOOKLET!<\/a><\/h4>\n<div class=\"pt-cv-content\"> ...<br \/><div class=\"pt-cv-rmwrap\"><a href=\"https:\/\/balcondart.com\/en\/new-desson-booklet\/\" class=\"_self pt-cv-readmore btn btn-success\" target=\"_self\">Lire La Suite<\/a><\/div><\/div>\n<div class=\"pt-cv-meta-fields\"><span class=\"entry-date\"> <time datetime=\"2025-09-04T19:34:54+00:00\">September 4, 2025<\/time><\/span><\/div><\/div><\/div>\n<div class=\"col-md-12 col-sm-6 col-xs-12 pt-cv-content-item pt-cv-2-col\" ><div class='pt-cv-ifield'><a href=\"https:\/\/balcondart.com\/en\/welcome-marlene-nadeau-new-artist\/\" class=\"_self pt-cv-href-thumbnail pt-cv-thumb-left\" target=\"_self\" ><img loading=\"lazy\" decoding=\"async\" width=\"150\" height=\"150\" src=\"https:\/\/balcondart.com\/wp-content\/uploads\/2025\/02\/istockphoto-115056901-612x612-removebg-preview-150x150.png\" class=\"pt-cv-thumbnail pull-left\" alt=\"\" srcset=\"https:\/\/balcondart.com\/wp-content\/uploads\/2025\/02\/istockphoto-115056901-612x612-removebg-preview-150x150.png 150w, https:\/\/balcondart.com\/wp-content\/uploads\/2025\/02\/istockphoto-115056901-612x612-removebg-preview-42x42.png 42w, https:\/\/balcondart.com\/wp-content\/uploads\/2025\/02\/istockphoto-115056901-612x612-removebg-preview-45x45.png 45w\" sizes=\"auto, (max-width: 150px) 100vw, 150px\" \/><\/a>\n<h4 class=\"pt-cv-title\"><a href=\"https:\/\/balcondart.com\/en\/welcome-marlene-nadeau-new-artist\/\" class=\"_self\" target=\"_self\" >WELCOME MARL\u00c8NE NADEAU, NEW ARTIST<\/a><\/h4>\n<div class=\"pt-cv-content\">Le Balcon d'art is proud to introduce a new artist, Marl\u00e8ne Nadeau Biography &amp; Artistic Journey Marl\u00e8ne Nadeau, originally from ...<br \/><div class=\"pt-cv-rmwrap\"><a href=\"https:\/\/balcondart.com\/en\/welcome-marlene-nadeau-new-artist\/\" class=\"_self pt-cv-readmore btn btn-success\" target=\"_self\">Lire La Suite<\/a><\/div><\/div>\n<div class=\"pt-cv-meta-fields\"><span class=\"entry-date\"> <time datetime=\"2025-08-13T19:54:44+00:00\">August 13, 2025<\/time><\/span><\/div><\/div><\/div><\/div><\/div><\/div>\n","protected":false},"excerpt":{"rendered":"","protected":false},"author":1,"featured_media":0,"parent":0,"menu_order":0,"comment_status":"closed","ping_status":"closed","template":"","meta":{"footnotes":""},"class_list":["post-22","page","type-page","status-publish","hentry"],"_links":{"self":[{"href":"https:\/\/balcondart.com\/en\/wp-json\/wp\/v2\/pages\/22","targetHints":{"allow":["GET"]}}],"collection":[{"href":"https:\/\/balcondart.com\/en\/wp-json\/wp\/v2\/pages"}],"about":[{"href":"https:\/\/balcondart.com\/en\/wp-json\/wp\/v2\/types\/page"}],"author":[{"embeddable":true,"href":"https:\/\/balcondart.com\/en\/wp-json\/wp\/v2\/users\/1"}],"replies":[{"embeddable":true,"href":"https:\/\/balcondart.com\/en\/wp-json\/wp\/v2\/comments?post=22"}],"version-history":[{"count":3,"href":"https:\/\/balcondart.com\/en\/wp-json\/wp\/v2\/pages\/22\/revisions"}],"predecessor-version":[{"id":10703,"href":"https:\/\/balcondart.com\/en\/wp-json\/wp\/v2\/pages\/22\/revisions\/10703"}],"wp:attachment":[{"href":"https:\/\/balcondart.com\/en\/wp-json\/wp\/v2\/media?parent=22"}],"curies":[{"name":"wp","href":"https:\/\/api.w.org\/{rel}","templated":true}]}}