{"id":14,"date":"2015-04-11T12:57:52","date_gmt":"2015-04-11T12:57:52","guid":{"rendered":"http:\/\/localhost\/balcon\/?page_id=14"},"modified":"2026-03-10T13:36:20","modified_gmt":"2026-03-10T13:36:20","slug":"masters","status":"publish","type":"page","link":"https:\/\/balcondart.com\/en\/artists\/masters\/","title":{"rendered":"Masters"},"content":{"rendered":"<p><a href=\"https:\/\/balcondart.com\/wp-content\/uploads\/2026\/03\/noframes00.jpg\"><img loading=\"lazy\" decoding=\"async\" class=\"alignnone size-full wp-image-45304\" src=\"https:\/\/balcondart.com\/wp-content\/uploads\/2026\/03\/noframes00.jpg\" alt=\"\" width=\"674\" height=\"104\" srcset=\"https:\/\/balcondart.com\/wp-content\/uploads\/2026\/03\/noframes00.jpg 674w, https:\/\/balcondart.com\/wp-content\/uploads\/2026\/03\/noframes00-300x46.jpg 300w, https:\/\/balcondart.com\/wp-content\/uploads\/2026\/03\/noframes00-640x99.jpg 640w\" sizes=\"auto, (max-width: 674px) 100vw, 674px\" \/><\/a><\/p>\n<div class=\"pt-cv-wrapper\"><div class=\"pt-cv-view pt-cv-grid pt-cv-colsys\" id=\"pt-cv-view-3b42fbd961\"><div data-id=\"pt-cv-page-1\" class=\"pt-cv-page\" data-cvc=\"3\"><div class=\"col-md-4 col-sm-6 col-xs-12 pt-cv-content-item pt-cv-1-col\" ><div class='pt-cv-ifield'><a href=\"https:\/\/balcondart.com\/en\/ayotte-leo\/\" class=\"_self pt-cv-href-thumbnail pt-cv-thumb-default\" target=\"_self\" ><img loading=\"lazy\" decoding=\"async\" width=\"350\" height=\"287\" src=\"https:\/\/balcondart.com\/wp-content\/uploads\/2015\/04\/ayotte25-350x287.png\" class=\"pt-cv-thumbnail\" alt=\"\" \/><\/a>\n<h4 class=\"pt-cv-title\"><a href=\"https:\/\/balcondart.com\/en\/ayotte-leo\/\" class=\"_self\" target=\"_self\" >AYOTTE, L\u00e9o<\/a><\/h4><\/div><\/div>\n<div class=\"col-md-4 col-sm-6 col-xs-12 pt-cv-content-item pt-cv-1-col\" ><div class='pt-cv-ifield'><a href=\"https:\/\/balcondart.com\/en\/bertounesque-andre-2\/\" class=\"_self pt-cv-href-thumbnail pt-cv-thumb-default\" target=\"_self\" ><img loading=\"lazy\" decoding=\"async\" width=\"350\" height=\"287\" src=\"https:\/\/balcondart.com\/wp-content\/uploads\/2015\/04\/bertou2025-350x287.png\" class=\"pt-cv-thumbnail\" alt=\"\" \/><\/a>\n<h4 class=\"pt-cv-title\"><a href=\"https:\/\/balcondart.com\/en\/bertounesque-andre-2\/\" class=\"_self\" target=\"_self\" >BERTOUNESQUE, Andr\u00e9<\/a><\/h4><\/div><\/div>\n<div class=\"col-md-4 col-sm-6 col-xs-12 pt-cv-content-item pt-cv-1-col\" ><div class='pt-cv-ifield'><a href=\"https:\/\/balcondart.com\/en\/bonmati-gabriel\/\" class=\"_self pt-cv-href-thumbnail pt-cv-thumb-default\" target=\"_self\" ><img loading=\"lazy\" decoding=\"async\" width=\"350\" height=\"287\" src=\"https:\/\/balcondart.com\/wp-content\/uploads\/2015\/04\/bonmatiG-350x287.jpg\" class=\"pt-cv-thumbnail\" alt=\"\" \/><\/a>\n<h4 class=\"pt-cv-title\"><a href=\"https:\/\/balcondart.com\/en\/bonmati-gabriel\/\" class=\"_self\" target=\"_self\" >BONMATI, Gabriel<\/a><\/h4><\/div><\/div>\n<div class=\"col-md-4 col-sm-6 col-xs-12 pt-cv-content-item pt-cv-1-col\" ><div class='pt-cv-ifield'><a href=\"https:\/\/balcondart.com\/en\/brunoni-serge\/\" class=\"_self pt-cv-href-thumbnail pt-cv-thumb-default\" target=\"_self\" ><img loading=\"lazy\" decoding=\"async\" width=\"350\" height=\"287\" src=\"https:\/\/balcondart.com\/wp-content\/uploads\/2015\/05\/brunoniS03-350x287.jpg\" class=\"pt-cv-thumbnail\" alt=\"\" \/><\/a>\n<h4 class=\"pt-cv-title\"><a href=\"https:\/\/balcondart.com\/en\/brunoni-serge\/\" class=\"_self\" target=\"_self\" >BRUNONI, Serge<\/a><\/h4><\/div><\/div>\n<div class=\"col-md-4 col-sm-6 col-xs-12 pt-cv-content-item pt-cv-1-col\" ><div class='pt-cv-ifield'><a href=\"https:\/\/balcondart.com\/en\/cote-bruno-2\/\" class=\"_self pt-cv-href-thumbnail pt-cv-thumb-default\" target=\"_self\" ><img loading=\"lazy\" decoding=\"async\" width=\"350\" height=\"287\" src=\"https:\/\/balcondart.com\/wp-content\/uploads\/2015\/04\/coteB-350x287.jpg\" class=\"pt-cv-thumbnail\" alt=\"\" \/><\/a>\n<h4 class=\"pt-cv-title\"><a href=\"https:\/\/balcondart.com\/en\/cote-bruno-2\/\" class=\"_self\" target=\"_self\" >COTE, Bruno<\/a><\/h4><\/div><\/div>\n<div class=\"col-md-4 col-sm-6 col-xs-12 pt-cv-content-item pt-cv-1-col\" ><div class='pt-cv-ifield'><a href=\"https:\/\/balcondart.com\/en\/degrace-neree-2\/\" class=\"_self pt-cv-href-thumbnail pt-cv-thumb-default\" target=\"_self\" ><img loading=\"lazy\" decoding=\"async\" width=\"350\" height=\"287\" src=\"https:\/\/balcondart.com\/wp-content\/uploads\/2015\/04\/degraceN-350x287.jpg\" class=\"pt-cv-thumbnail\" alt=\"\" \/><\/a>\n<h4 class=\"pt-cv-title\"><a href=\"https:\/\/balcondart.com\/en\/degrace-neree-2\/\" class=\"_self\" target=\"_self\" >DEGR\u00c2CE, N\u00e9r\u00e9e<\/a><\/h4><\/div><\/div>\n<div class=\"col-md-4 col-sm-6 col-xs-12 pt-cv-content-item pt-cv-1-col\" ><div class='pt-cv-ifield'><a href=\"https:\/\/balcondart.com\/en\/der-john\/\" class=\"_self pt-cv-href-thumbnail pt-cv-thumb-default\" target=\"_self\" ><img loading=\"lazy\" decoding=\"async\" width=\"350\" height=\"287\" src=\"https:\/\/balcondart.com\/wp-content\/uploads\/2015\/05\/der04-350x287.jpg\" class=\"pt-cv-thumbnail\" alt=\"\" \/><\/a>\n<h4 class=\"pt-cv-title\"><a href=\"https:\/\/balcondart.com\/en\/der-john\/\" class=\"_self\" target=\"_self\" >DER, JOHN<\/a><\/h4><\/div><\/div>\n<div class=\"col-md-4 col-sm-6 col-xs-12 pt-cv-content-item pt-cv-1-col\" ><div class='pt-cv-ifield'><a href=\"https:\/\/balcondart.com\/en\/fortin-marc-aurele\/\" class=\"_self pt-cv-href-thumbnail pt-cv-thumb-default\" target=\"_self\" ><img loading=\"lazy\" decoding=\"async\" width=\"350\" height=\"287\" src=\"https:\/\/balcondart.com\/wp-content\/uploads\/2015\/05\/fortinma-350x287.jpg\" class=\"pt-cv-thumbnail\" alt=\"\" \/><\/a>\n<h4 class=\"pt-cv-title\"><a href=\"https:\/\/balcondart.com\/en\/fortin-marc-aurele\/\" class=\"_self\" target=\"_self\" >FORTIN, Marc-Aur\u00e8le<\/a><\/h4><\/div><\/div>\n<div class=\"col-md-4 col-sm-6 col-xs-12 pt-cv-content-item pt-cv-1-col\" ><div class='pt-cv-ifield'><a href=\"https:\/\/balcondart.com\/en\/hammond-john\/\" class=\"_self pt-cv-href-thumbnail pt-cv-thumb-default\" target=\"_self\" ><img loading=\"lazy\" decoding=\"async\" width=\"350\" height=\"287\" src=\"https:\/\/balcondart.com\/wp-content\/uploads\/2015\/05\/hammond02-350x287.jpg\" class=\"pt-cv-thumbnail\" alt=\"\" \/><\/a>\n<h4 class=\"pt-cv-title\"><a href=\"https:\/\/balcondart.com\/en\/hammond-john\/\" class=\"_self\" target=\"_self\" >HAMMOND, John<\/a><\/h4><\/div><\/div>\n<div class=\"col-md-4 col-sm-6 col-xs-12 pt-cv-content-item pt-cv-1-col\" ><div class='pt-cv-ifield'><a href=\"https:\/\/balcondart.com\/en\/hudon-normand\/\" class=\"_self pt-cv-href-thumbnail pt-cv-thumb-default\" target=\"_self\" ><img loading=\"lazy\" decoding=\"async\" width=\"350\" height=\"287\" src=\"https:\/\/balcondart.com\/wp-content\/uploads\/2015\/05\/hudonn02-350x287.jpg\" class=\"pt-cv-thumbnail\" alt=\"\" \/><\/a>\n<h4 class=\"pt-cv-title\"><a href=\"https:\/\/balcondart.com\/en\/hudon-normand\/\" class=\"_self\" target=\"_self\" >HUDON, Normand<\/a><\/h4><\/div><\/div>\n<div class=\"col-md-4 col-sm-6 col-xs-12 pt-cv-content-item pt-cv-1-col\" ><div class='pt-cv-ifield'><a href=\"https:\/\/balcondart.com\/en\/iacurto-francesco\/\" class=\"_self pt-cv-href-thumbnail pt-cv-thumb-default\" target=\"_self\" ><img loading=\"lazy\" decoding=\"async\" width=\"350\" height=\"287\" src=\"https:\/\/balcondart.com\/wp-content\/uploads\/2015\/05\/iacurto-350x287.jpg\" class=\"pt-cv-thumbnail\" alt=\"\" \/><\/a>\n<h4 class=\"pt-cv-title\"><a href=\"https:\/\/balcondart.com\/en\/iacurto-francesco\/\" class=\"_self\" target=\"_self\" >IACURTO, Francesco<\/a><\/h4><\/div><\/div>\n<div class=\"col-md-4 col-sm-6 col-xs-12 pt-cv-content-item pt-cv-1-col\" ><div class='pt-cv-ifield'><a href=\"https:\/\/balcondart.com\/en\/lecor-paul-tex\/\" class=\"_self pt-cv-href-thumbnail pt-cv-thumb-default\" target=\"_self\" ><img loading=\"lazy\" decoding=\"async\" width=\"350\" height=\"287\" src=\"https:\/\/balcondart.com\/wp-content\/uploads\/2015\/04\/LECOR040-350x287.jpg\" class=\"pt-cv-thumbnail\" alt=\"\" \/><\/a>\n<h4 class=\"pt-cv-title\"><a href=\"https:\/\/balcondart.com\/en\/lecor-paul-tex\/\" class=\"_self\" target=\"_self\" >LECOR, Paul &#8220;Tex&#8221;<\/a><\/h4><\/div><\/div>\n<div class=\"col-md-4 col-sm-6 col-xs-12 pt-cv-content-item pt-cv-1-col\" ><div class='pt-cv-ifield'><a href=\"https:\/\/balcondart.com\/en\/little-john\/\" class=\"_self pt-cv-href-thumbnail pt-cv-thumb-default\" target=\"_self\" ><img loading=\"lazy\" decoding=\"async\" width=\"350\" height=\"287\" src=\"https:\/\/balcondart.com\/wp-content\/uploads\/2015\/05\/littlej-350x287.jpg\" class=\"pt-cv-thumbnail\" alt=\"\" \/><\/a>\n<h4 class=\"pt-cv-title\"><a href=\"https:\/\/balcondart.com\/en\/little-john\/\" class=\"_self\" target=\"_self\" >LITTLE, John<\/a><\/h4><\/div><\/div>\n<div class=\"col-md-4 col-sm-6 col-xs-12 pt-cv-content-item pt-cv-1-col\" ><div class='pt-cv-ifield'><a href=\"https:\/\/balcondart.com\/en\/poirier-narcisse\/\" class=\"_self pt-cv-href-thumbnail pt-cv-thumb-default\" target=\"_self\" ><img loading=\"lazy\" decoding=\"async\" width=\"350\" height=\"287\" src=\"https:\/\/balcondart.com\/wp-content\/uploads\/2015\/05\/poiriern-350x287.jpg\" class=\"pt-cv-thumbnail\" alt=\"\" \/><\/a>\n<h4 class=\"pt-cv-title\"><a href=\"https:\/\/balcondart.com\/en\/poirier-narcisse\/\" class=\"_self\" target=\"_self\" >POIRIER, Narcisse<\/a><\/h4><\/div><\/div>\n<div class=\"col-md-4 col-sm-6 col-xs-12 pt-cv-content-item pt-cv-1-col\" ><div class='pt-cv-ifield'><a href=\"https:\/\/balcondart.com\/en\/rebry-gaston\/\" class=\"_self pt-cv-href-thumbnail pt-cv-thumb-default\" target=\"_self\" ><img loading=\"lazy\" decoding=\"async\" width=\"350\" height=\"287\" src=\"https:\/\/balcondart.com\/wp-content\/uploads\/2015\/05\/rebry03-350x287.jpg\" class=\"pt-cv-thumbnail\" alt=\"\" \/><\/a>\n<h4 class=\"pt-cv-title\"><a href=\"https:\/\/balcondart.com\/en\/rebry-gaston\/\" class=\"_self\" target=\"_self\" >REBRY, Gaston<\/a><\/h4><\/div><\/div>\n<div class=\"col-md-4 col-sm-6 col-xs-12 pt-cv-content-item pt-cv-1-col\" ><div class='pt-cv-ifield'><a href=\"https:\/\/balcondart.com\/en\/richard-rene\/\" class=\"_self pt-cv-href-thumbnail pt-cv-thumb-default\" target=\"_self\" ><img loading=\"lazy\" decoding=\"async\" width=\"350\" height=\"287\" src=\"https:\/\/balcondart.com\/wp-content\/uploads\/2015\/05\/richard_out-350x287.jpg\" class=\"pt-cv-thumbnail\" alt=\"\" \/><\/a>\n<h4 class=\"pt-cv-title\"><a href=\"https:\/\/balcondart.com\/en\/richard-rene\/\" class=\"_self\" target=\"_self\" >RICHARD, Ren\u00e9<\/a><\/h4><\/div><\/div>\n<div class=\"col-md-4 col-sm-6 col-xs-12 pt-cv-content-item pt-cv-1-col\" ><div class='pt-cv-ifield'><a href=\"https:\/\/balcondart.com\/en\/riopelle-jean-paul\/\" class=\"_self pt-cv-href-thumbnail pt-cv-thumb-default\" target=\"_self\" ><img loading=\"lazy\" decoding=\"async\" width=\"350\" height=\"287\" src=\"https:\/\/balcondart.com\/wp-content\/uploads\/2025\/02\/rio_top-350x287.jpg\" class=\"pt-cv-thumbnail\" alt=\"\" \/><\/a>\n<h4 class=\"pt-cv-title\"><a href=\"https:\/\/balcondart.com\/en\/riopelle-jean-paul\/\" class=\"_self\" target=\"_self\" >RIOPELLE, Jean-Paul<\/a><\/h4><\/div><\/div>\n<div class=\"col-md-4 col-sm-6 col-xs-12 pt-cv-content-item pt-cv-1-col\" ><div class='pt-cv-ifield'><a href=\"https:\/\/balcondart.com\/en\/sammoun-samir\/\" class=\"_self pt-cv-href-thumbnail pt-cv-thumb-default\" target=\"_self\" ><img loading=\"lazy\" decoding=\"async\" width=\"350\" height=\"287\" src=\"https:\/\/balcondart.com\/wp-content\/uploads\/2015\/05\/sammouns1-350x287.jpg\" class=\"pt-cv-thumbnail\" alt=\"\" \/><\/a>\n<h4 class=\"pt-cv-title\"><a href=\"https:\/\/balcondart.com\/en\/sammoun-samir\/\" class=\"_self\" target=\"_self\" >SAMMOUN, Samir<\/a><\/h4><\/div><\/div>\n<div class=\"col-md-4 col-sm-6 col-xs-12 pt-cv-content-item pt-cv-1-col\" ><div class='pt-cv-ifield'><a href=\"https:\/\/balcondart.com\/en\/suzor-cote-marc-aurele-de-foyt\/\" class=\"_self pt-cv-href-thumbnail pt-cv-thumb-default\" target=\"_self\" ><img loading=\"lazy\" decoding=\"async\" width=\"350\" height=\"287\" src=\"https:\/\/balcondart.com\/wp-content\/uploads\/2020\/12\/suzor02-350x287.jpg\" class=\"pt-cv-thumbnail\" alt=\"\" \/><\/a>\n<h4 class=\"pt-cv-title\"><a href=\"https:\/\/balcondart.com\/en\/suzor-cote-marc-aurele-de-foyt\/\" class=\"_self\" target=\"_self\" >SUZOR-C\u00d4T\u00c9, Marc-Aur\u00e8le de Foy<\/a><\/h4><\/div><\/div><\/div><\/div><\/div>\n","protected":false},"excerpt":{"rendered":"","protected":false},"author":1,"featured_media":0,"parent":6,"menu_order":0,"comment_status":"closed","ping_status":"closed","template":"template-artists-sidebar.php","meta":{"footnotes":""},"class_list":["post-14","page","type-page","status-publish","hentry"],"_links":{"self":[{"href":"https:\/\/balcondart.com\/en\/wp-json\/wp\/v2\/pages\/14","targetHints":{"allow":["GET"]}}],"collection":[{"href":"https:\/\/balcondart.com\/en\/wp-json\/wp\/v2\/pages"}],"about":[{"href":"https:\/\/balcondart.com\/en\/wp-json\/wp\/v2\/types\/page"}],"author":[{"embeddable":true,"href":"https:\/\/balcondart.com\/en\/wp-json\/wp\/v2\/users\/1"}],"replies":[{"embeddable":true,"href":"https:\/\/balcondart.com\/en\/wp-json\/wp\/v2\/comments?post=14"}],"version-history":[{"count":5,"href":"https:\/\/balcondart.com\/en\/wp-json\/wp\/v2\/pages\/14\/revisions"}],"predecessor-version":[{"id":45312,"href":"https:\/\/balcondart.com\/en\/wp-json\/wp\/v2\/pages\/14\/revisions\/45312"}],"up":[{"embeddable":true,"href":"https:\/\/balcondart.com\/en\/wp-json\/wp\/v2\/pages\/6"}],"wp:attachment":[{"href":"https:\/\/balcondart.com\/en\/wp-json\/wp\/v2\/media?parent=14"}],"curies":[{"name":"wp","href":"https:\/\/api.w.org\/{rel}","templated":true}]}}